{"id":5967,"date":"2017-06-07T15:56:13","date_gmt":"2017-06-07T12:56:13","guid":{"rendered":"http:\/\/impreza3.us-themes.com\/?page_id=5967"},"modified":"2026-05-07T11:41:03","modified_gmt":"2026-05-07T08:41:03","slug":"bakimdayiz","status":"publish","type":"page","link":"https:\/\/tcore.com.tr\/ru\/bakimdayiz\/","title":{"rendered":"Bak\u0131mday\u0131z"},"content":{"rendered":"<section class=\"l-section wpb_row us_custom_623ba360 height_custom\"><div class=\"l-section-h i-cf\"><div class=\"g-cols vc_row via_grid cols_1 laptops-cols_inherit tablets-cols_inherit mobiles-cols_1 valign_top type_default stacking_default\"><div class=\"wpb_column vc_column_container\"><div class=\"vc_column-inner\"><div class=\"w-image us_custom_98127159 align_center has_bg_color\"><div class=\"w-image-h\"><img decoding=\"async\" width=\"486\" height=\"130\" src=\"https:\/\/tcore.com.tr\/wp-content\/uploads\/2026\/05\/tcore-logo-yeni-1.png\" class=\"attachment-large size-large\" alt=\"\" loading=\"lazy\" srcset=\"https:\/\/tcore.com.tr\/wp-content\/uploads\/2026\/05\/tcore-logo-yeni-1.png 486w, https:\/\/tcore.com.tr\/wp-content\/uploads\/2026\/05\/tcore-logo-yeni-1-300x80.png 300w, https:\/\/tcore.com.tr\/wp-content\/uploads\/2026\/05\/tcore-logo-yeni-1-18x5.png 18w\" sizes=\"auto, (max-width: 486px) 100vw, 486px\" \/><\/div><\/div><\/div><\/div><\/div><\/div><\/section><div class=\"wpb_text_column us_custom_e777ee55 has_text_color\"><div class=\"wpb_wrapper\"><h1 style=\"text-align: center;\">S\u0130TEM\u0130Z BAKIM A\u015eAMASINDADIR.<\/h1>\n<p style=\"text-align: center;\">Tcore yeni bir web sitesi \u00fczerinde \u00e7al\u0131\u015f\u0131yor.<\/p>\n<\/div><\/div><section class=\"l-section wpb_row us_custom_623ba360 height_custom\"><div class=\"l-section-h i-cf\"><div class=\"g-cols vc_row via_grid cols_1 laptops-cols_inherit tablets-cols_inherit mobiles-cols_1 valign_top type_default stacking_default\"><div class=\"wpb_column vc_column_container\"><div class=\"vc_column-inner\"><\/div><\/div><\/div><\/div><\/section><section class=\"l-section wpb_row us_custom_623ba360 height_custom\"><div class=\"l-section-h i-cf\"><div class=\"g-cols vc_row via_grid cols_1 laptops-cols_inherit tablets-cols_inherit mobiles-cols_1 valign_top type_default stacking_default\"><div class=\"wpb_column vc_column_container\"><div class=\"vc_column-inner\"><\/div><\/div><\/div><\/div><\/section>","protected":false},"excerpt":{"rendered":"S\u0130TEM\u0130Z BAKIM A\u015eAMASINDADIR. Tcore yeni bir web sitesi \u00fczerinde \u00e7al\u0131\u015f\u0131yor.","protected":false},"author":1,"featured_media":0,"parent":0,"menu_order":0,"comment_status":"closed","ping_status":"closed","template":"","meta":{"footnotes":""},"class_list":["post-5967","page","type-page","status-publish","hentry"],"_links":{"self":[{"href":"https:\/\/tcore.com.tr\/ru\/wp-json\/wp\/v2\/pages\/5967","targetHints":{"allow":["GET"]}}],"collection":[{"href":"https:\/\/tcore.com.tr\/ru\/wp-json\/wp\/v2\/pages"}],"about":[{"href":"https:\/\/tcore.com.tr\/ru\/wp-json\/wp\/v2\/types\/page"}],"author":[{"embeddable":true,"href":"https:\/\/tcore.com.tr\/ru\/wp-json\/wp\/v2\/users\/1"}],"replies":[{"embeddable":true,"href":"https:\/\/tcore.com.tr\/ru\/wp-json\/wp\/v2\/comments?post=5967"}],"version-history":[{"count":5,"href":"https:\/\/tcore.com.tr\/ru\/wp-json\/wp\/v2\/pages\/5967\/revisions"}],"predecessor-version":[{"id":6327,"href":"https:\/\/tcore.com.tr\/ru\/wp-json\/wp\/v2\/pages\/5967\/revisions\/6327"}],"wp:attachment":[{"href":"https:\/\/tcore.com.tr\/ru\/wp-json\/wp\/v2\/media?parent=5967"}],"curies":[{"name":"wp","href":"https:\/\/api.w.org\/{rel}","templated":true}]}}